{"id":3918,"date":"2023-04-26T11:53:46","date_gmt":"2023-04-26T09:53:46","guid":{"rendered":"https:\/\/www.samsic.ba\/zasebnost-pogoji-uporabe\/"},"modified":"2025-01-02T09:42:55","modified_gmt":"2025-01-02T08:42:55","slug":"zastita-privatnosti-i-uvjeti-koristenja","status":"publish","type":"page","link":"https:\/\/www.samsic.ba\/hr\/zastita-privatnosti-i-uvjeti-koristenja\/","title":{"rendered":"Za\u0161tita privatnosti i uvjeti kori\u0161tenja"},"content":{"rendered":"<p><strong>1.1 Spletna stran: <a href=\"https:\/\/www.samsic.ba\/\">https:\/\/www.samsic.ba\/<\/a><\/strong><\/p>\n<p><strong>1.2<\/strong> <strong>Izdajatelj <\/strong>(v nadaljevanju \u201e <strong>izdajatelj<\/strong> \u201c) :<\/p>\n<p><strong>SAMSIC SAS<\/strong><\/p>\n<p>Poenostavljena delni\u0161ka dru\u017eba s kapitalom v vi\u0161ini 45 000 000 EUR<\/p>\n<p>s sede\u017eem na naslovu 6, rue de Ch\u00e2tillon &#8211; La Rigourdi\u00e8re, 35510 CESSON-SEVIGNE<\/p>\n<p>Registrirana pod \u0161tevilko 403 227 796 RCS RENNES<\/p>\n<p>SIRET: 403 227 796 00048<\/p>\n<ul>\n<li>DDV: FR 86 403 227 796<\/li>\n<li>APE: 7010Z &#8211; dejavnosti sede\u017ea<\/li>\n<li>Tel. 02 99 86 92 90<\/li>\n<\/ul>\n<p>E-naslov: <a href=\"mailto:contact@samsic-facility.fr\">marketing@samsic.fr<\/a><\/p>\n<p>Direktor za objave spletnega mesta je Thierry GEFFROY kot predsednik dru\u017ebe SAMSIC SAS.<\/p>\n<p><strong>1.3 Oblikovanje in proizvodnja :<\/strong><\/p>\n<p>To spletno mesto je oblikovala in izdelala dru\u017eba<strong> ARTWAI<\/strong>, dru\u017eba z omejeno odgovornostjo z osnovnim kapitalom 95 000,00 EUR, s sede\u017eem na naslovu 538 RTE DES POMMIERS, 35630 LANGOUET, vpisana v register podjetij in trgovcev v Rennesu pod \u0161tevilko 484 394 143, ki jo zastopa Nicolas CHATEL, ki deluje in ima potrebna pooblastila kot upravitelj.<\/p>\n<p>Telefonska \u0161tevilka: 06 27 75 57 11<\/p>\n<p>E-naslov: contact@artwai.com.<\/p>\n<p><strong>1.4 Gostitelj <\/strong>:<\/p>\n<p><strong>Cognix Systems,<\/strong> dru\u017eba z osnovnim kapitalom 40.000 EUR, s sede\u017eem na 50 rue Paul Langevin &#8211; 35200 Rennes, RCS Rennes B 444 724 462, \u0161tevilka SIRET: 444 724 462 00064, ki jo zastopa g. Davy CREMER, v vlogi direktorja publikacij.<\/p>\n<p>Telefonska \u0161tevilka: 02 30 96 48 66<\/p>\n<p>E-naslov: rennes@cognix-systems.com.<\/p>\n<p>Po potrebi nekatere storitve, dostopne prek aplikacije, gostujejo pri partnerjih, ki jih je zalo\u017enik najel s pogodbo. Kontaktni podatki teh gostiteljev so na voljo vsem uporabnikom.<\/p>\n<p><strong>1.5 \u0160tevilka za DDV znotraj skupnosti <\/strong>:<\/p>\n<p><strong>FR 87 385 103 023<\/strong><\/p>\n<p><strong>1.6 Naslovi fotografij <\/strong>:<\/p>\n<p>Service communication Samsic | Gwena\u00ebl Saliou | Studio Ikonik | Les Histoires d&#8217;A | Adobe Stock | Patrice Dorizon | Stade Rennais F.C. &#8211; Explore Medias | Ark\u00e9a B&amp;B Hotels Cycling Team<\/p>\n","protected":false},"excerpt":{"rendered":"<p>1.1 Spletna stran: https:\/\/www.samsic.ba\/ 1.2 Izdajatelj (v nadaljevanju \u201e izdajatelj \u201c) : SAMSIC SAS Poenostavljena delni\u0161ka dru\u017eba s kapitalom v &hellip;<\/p>\n","protected":false},"author":1,"featured_media":0,"parent":0,"menu_order":0,"comment_status":"closed","ping_status":"closed","template":"","meta":{"_acf_changed":false,"footnotes":""},"class_list":["post-3918","page","type-page","status-publish","hentry"],"acf":[],"yoast_head":"<!-- This site is optimized with the Yoast SEO plugin v26.8 - https:\/\/yoast.com\/product\/yoast-seo-wordpress\/ -->\n<title>Za\u0161tita privatnosti i uvjeti kori\u0161tenja | Samsic<\/title>\n<meta name=\"robots\" content=\"noindex, nofollow\" \/>\n<meta property=\"og:locale\" content=\"hr_HR\" \/>\n<meta property=\"og:type\" content=\"article\" \/>\n<meta property=\"og:title\" content=\"Za\u0161tita privatnosti i uvjeti kori\u0161tenja | Samsic\" \/>\n<meta property=\"og:description\" content=\"1.1 Spletna stran: https:\/\/www.samsic.ba\/ 1.2 Izdajatelj (v nadaljevanju \u201e izdajatelj \u201c) : SAMSIC SAS Poenostavljena delni\u0161ka dru\u017eba s kapitalom v &hellip;\" \/>\n<meta property=\"og:url\" content=\"https:\/\/www.samsic.ba\/hr\/zastita-privatnosti-i-uvjeti-koristenja\/\" \/>\n<meta property=\"og:site_name\" content=\"Samsic\" \/>\n<meta property=\"article:publisher\" content=\"https:\/\/www.facebook.com\/Samsic\/\" \/>\n<meta property=\"article:modified_time\" content=\"2025-01-02T08:42:55+00:00\" \/>\n<meta property=\"og:image\" content=\"https:\/\/www.samsic.ba\/wp-content\/uploads\/2023\/04\/Samsic-1.jpg\" \/>\n\t<meta property=\"og:image:width\" content=\"150\" \/>\n\t<meta property=\"og:image:height\" content=\"150\" \/>\n\t<meta property=\"og:image:type\" content=\"image\/jpeg\" \/>\n<meta name=\"twitter:card\" content=\"summary_large_image\" \/>\n<meta name=\"twitter:label1\" content=\"Est. reading time\" \/>\n\t<meta name=\"twitter:data1\" content=\"2 minutes\" \/>\n<script type=\"application\/ld+json\" class=\"yoast-schema-graph\">{\"@context\":\"https:\/\/schema.org\",\"@graph\":[{\"@type\":\"WebPage\",\"@id\":\"https:\/\/www.samsic.ba\/hr\/zastita-privatnosti-i-uvjeti-koristenja\/\",\"url\":\"https:\/\/www.samsic.ba\/hr\/zastita-privatnosti-i-uvjeti-koristenja\/\",\"name\":\"Za\u0161tita privatnosti i uvjeti kori\u0161tenja | Samsic\",\"isPartOf\":{\"@id\":\"https:\/\/www.samsic.ba\/hr\/#website\"},\"datePublished\":\"2023-04-26T09:53:46+00:00\",\"dateModified\":\"2025-01-02T08:42:55+00:00\",\"breadcrumb\":{\"@id\":\"https:\/\/www.samsic.ba\/hr\/zastita-privatnosti-i-uvjeti-koristenja\/#breadcrumb\"},\"inLanguage\":\"hr\",\"potentialAction\":[{\"@type\":\"ReadAction\",\"target\":[\"https:\/\/www.samsic.ba\/hr\/zastita-privatnosti-i-uvjeti-koristenja\/\"]}]},{\"@type\":\"BreadcrumbList\",\"@id\":\"https:\/\/www.samsic.ba\/hr\/zastita-privatnosti-i-uvjeti-koristenja\/#breadcrumb\",\"itemListElement\":[{\"@type\":\"ListItem\",\"position\":1,\"name\":\"Po\u010detna\",\"item\":\"https:\/\/www.samsic.ba\/hr\/\"},{\"@type\":\"ListItem\",\"position\":2,\"name\":\"Za\u0161tita privatnosti i uvjeti kori\u0161tenja\"}]},{\"@type\":\"WebSite\",\"@id\":\"https:\/\/www.samsic.ba\/hr\/#website\",\"url\":\"https:\/\/www.samsic.ba\/hr\/\",\"name\":\"Samsic\",\"description\":\"\",\"publisher\":{\"@id\":\"https:\/\/www.samsic.ba\/hr\/#organization\"},\"potentialAction\":[{\"@type\":\"SearchAction\",\"target\":{\"@type\":\"EntryPoint\",\"urlTemplate\":\"https:\/\/www.samsic.ba\/hr\/?s={search_term_string}\"},\"query-input\":{\"@type\":\"PropertyValueSpecification\",\"valueRequired\":true,\"valueName\":\"search_term_string\"}}],\"inLanguage\":\"hr\"},{\"@type\":\"Organization\",\"@id\":\"https:\/\/www.samsic.ba\/hr\/#organization\",\"name\":\"Samsic\",\"url\":\"https:\/\/www.samsic.ba\/hr\/\",\"logo\":{\"@type\":\"ImageObject\",\"inLanguage\":\"hr\",\"@id\":\"https:\/\/www.samsic.ba\/hr\/#\/schema\/logo\/image\/\",\"url\":\"https:\/\/www.samsic.ba\/wp-content\/uploads\/2023\/04\/Samsic-1.jpg\",\"contentUrl\":\"https:\/\/www.samsic.ba\/wp-content\/uploads\/2023\/04\/Samsic-1.jpg\",\"width\":150,\"height\":150,\"caption\":\"Samsic\"},\"image\":{\"@id\":\"https:\/\/www.samsic.ba\/hr\/#\/schema\/logo\/image\/\"},\"sameAs\":[\"https:\/\/www.facebook.com\/Samsic\/\",\"https:\/\/www.linkedin.com\/company\/samsic-facility-services\/\"]}]}<\/script>\n<!-- \/ Yoast SEO plugin. -->","yoast_head_json":{"title":"Za\u0161tita privatnosti i uvjeti kori\u0161tenja | Samsic","robots":{"index":"noindex","follow":"nofollow"},"og_locale":"hr_HR","og_type":"article","og_title":"Za\u0161tita privatnosti i uvjeti kori\u0161tenja | Samsic","og_description":"1.1 Spletna stran: https:\/\/www.samsic.ba\/ 1.2 Izdajatelj (v nadaljevanju \u201e izdajatelj \u201c) : SAMSIC SAS Poenostavljena delni\u0161ka dru\u017eba s kapitalom v &hellip;","og_url":"https:\/\/www.samsic.ba\/hr\/zastita-privatnosti-i-uvjeti-koristenja\/","og_site_name":"Samsic","article_publisher":"https:\/\/www.facebook.com\/Samsic\/","article_modified_time":"2025-01-02T08:42:55+00:00","og_image":[{"width":150,"height":150,"url":"https:\/\/www.samsic.ba\/wp-content\/uploads\/2023\/04\/Samsic-1.jpg","type":"image\/jpeg"}],"twitter_card":"summary_large_image","twitter_misc":{"Est. reading time":"2 minutes"},"schema":{"@context":"https:\/\/schema.org","@graph":[{"@type":"WebPage","@id":"https:\/\/www.samsic.ba\/hr\/zastita-privatnosti-i-uvjeti-koristenja\/","url":"https:\/\/www.samsic.ba\/hr\/zastita-privatnosti-i-uvjeti-koristenja\/","name":"Za\u0161tita privatnosti i uvjeti kori\u0161tenja | Samsic","isPartOf":{"@id":"https:\/\/www.samsic.ba\/hr\/#website"},"datePublished":"2023-04-26T09:53:46+00:00","dateModified":"2025-01-02T08:42:55+00:00","breadcrumb":{"@id":"https:\/\/www.samsic.ba\/hr\/zastita-privatnosti-i-uvjeti-koristenja\/#breadcrumb"},"inLanguage":"hr","potentialAction":[{"@type":"ReadAction","target":["https:\/\/www.samsic.ba\/hr\/zastita-privatnosti-i-uvjeti-koristenja\/"]}]},{"@type":"BreadcrumbList","@id":"https:\/\/www.samsic.ba\/hr\/zastita-privatnosti-i-uvjeti-koristenja\/#breadcrumb","itemListElement":[{"@type":"ListItem","position":1,"name":"Po\u010detna","item":"https:\/\/www.samsic.ba\/hr\/"},{"@type":"ListItem","position":2,"name":"Za\u0161tita privatnosti i uvjeti kori\u0161tenja"}]},{"@type":"WebSite","@id":"https:\/\/www.samsic.ba\/hr\/#website","url":"https:\/\/www.samsic.ba\/hr\/","name":"Samsic","description":"","publisher":{"@id":"https:\/\/www.samsic.ba\/hr\/#organization"},"potentialAction":[{"@type":"SearchAction","target":{"@type":"EntryPoint","urlTemplate":"https:\/\/www.samsic.ba\/hr\/?s={search_term_string}"},"query-input":{"@type":"PropertyValueSpecification","valueRequired":true,"valueName":"search_term_string"}}],"inLanguage":"hr"},{"@type":"Organization","@id":"https:\/\/www.samsic.ba\/hr\/#organization","name":"Samsic","url":"https:\/\/www.samsic.ba\/hr\/","logo":{"@type":"ImageObject","inLanguage":"hr","@id":"https:\/\/www.samsic.ba\/hr\/#\/schema\/logo\/image\/","url":"https:\/\/www.samsic.ba\/wp-content\/uploads\/2023\/04\/Samsic-1.jpg","contentUrl":"https:\/\/www.samsic.ba\/wp-content\/uploads\/2023\/04\/Samsic-1.jpg","width":150,"height":150,"caption":"Samsic"},"image":{"@id":"https:\/\/www.samsic.ba\/hr\/#\/schema\/logo\/image\/"},"sameAs":["https:\/\/www.facebook.com\/Samsic\/","https:\/\/www.linkedin.com\/company\/samsic-facility-services\/"]}]}},"_links":{"self":[{"href":"https:\/\/www.samsic.ba\/hr\/wp-json\/wp\/v2\/pages\/3918","targetHints":{"allow":["GET"]}}],"collection":[{"href":"https:\/\/www.samsic.ba\/hr\/wp-json\/wp\/v2\/pages"}],"about":[{"href":"https:\/\/www.samsic.ba\/hr\/wp-json\/wp\/v2\/types\/page"}],"author":[{"embeddable":true,"href":"https:\/\/www.samsic.ba\/hr\/wp-json\/wp\/v2\/users\/1"}],"replies":[{"embeddable":true,"href":"https:\/\/www.samsic.ba\/hr\/wp-json\/wp\/v2\/comments?post=3918"}],"version-history":[{"count":4,"href":"https:\/\/www.samsic.ba\/hr\/wp-json\/wp\/v2\/pages\/3918\/revisions"}],"predecessor-version":[{"id":4200,"href":"https:\/\/www.samsic.ba\/hr\/wp-json\/wp\/v2\/pages\/3918\/revisions\/4200"}],"wp:attachment":[{"href":"https:\/\/www.samsic.ba\/hr\/wp-json\/wp\/v2\/media?parent=3918"}],"curies":[{"name":"wp","href":"https:\/\/api.w.org\/{rel}","templated":true}]}}